{"id":24965,"date":"2021-02-26T14:55:05","date_gmt":"2021-02-26T13:55:05","guid":{"rendered":"https:\/\/tinko.be\/service-clubs-webshop\/unkategorisiert\/chirurgische-mund-nasen-maske-kategorie-1-nicht-medizinisch\/"},"modified":"2021-02-26T14:55:05","modified_gmt":"2021-02-26T13:55:05","slug":"chirurgische-mund-nasen-maske-kategorie-1-nicht-medizinisch","status":"publish","type":"product","link":"https:\/\/tinko.be\/de\/service-clubs-webshop\/schutzprodukte\/chirurgische-mund-nasen-maske-kategorie-1-nicht-medizinisch\/","title":{"rendered":"Chirurgische Mund-Nasen-Maske Kategorie 1 (nicht medizinisch)"},"content":{"rendered":"","protected":false},"excerpt":{"rendered":"<p>Chirurgische Mund- und Nasenmaske <strong>Kategorie 1<\/strong>\u00a0 \u00a0 &#8211;\u00a0 \u00a0Die <strong>Einweg-Mundmaske<\/strong> sch\u00fctzt andere Menschen vor Krankheitserregern. <strong>Ideale Maske f\u00fcr die 1,5-Meter-Gesellschaft<\/strong>. In Gesch\u00e4ften, \u00f6ffentlichen Verkehrsmitteln, Schulen, Friseuren, Sportpl\u00e4tzen und anderen \u00f6ffentlichen Orten. Es enth\u00e4lt eine 3-Schicht-Filtration und keine Glasfaser, 80 % BFE bei 3 Mikron. Verpackt zu 50 St\u00fcck im Karton.<\/p>\n","protected":false},"featured_media":24966,"template":"","meta":{"_acf_changed":false},"product_brand":[],"product_cat":[381],"product_tag":[],"class_list":{"0":"post-24965","1":"product","2":"type-product","3":"status-publish","4":"has-post-thumbnail","6":"product_cat-schutzprodukte","8":"first","9":"instock","10":"taxable","11":"shipping-taxable","12":"product-type-external"},"acf":[],"yoast_head":"<!-- This site is optimized with the Yoast SEO plugin v27.0 - https:\/\/yoast.com\/product\/yoast-seo-wordpress\/ -->\n<title>Chirurgische Mund-Nasen-Maske Kategorie 1 (nicht medizinisch) - Schutz | Tinko<\/title>\n<meta name=\"description\" content=\"Chirurgische Mund- und Nasenmaske Kategorie 1 - Enth\u00e4lt eine 3-Lagen-Filtration und KEIN Fiberglas - Verpackt zu 50 St\u00fcck in einer Schachtel\" \/>\n<meta name=\"robots\" content=\"index, follow, max-snippet:-1, max-image-preview:large, max-video-preview:-1\" \/>\n<link rel=\"canonical\" href=\"https:\/\/tinko.be\/de\/service-clubs-webshop\/schutzprodukte\/chirurgische-mund-nasen-maske-kategorie-1-nicht-medizinisch\/\" \/>\n<meta property=\"og:locale\" content=\"de_DE\" \/>\n<meta property=\"og:type\" content=\"article\" \/>\n<meta property=\"og:title\" content=\"Chirurgische Mund-Nasen-Maske Kategorie 1 (nicht medizinisch) - Schutz | Tinko\" \/>\n<meta property=\"og:description\" content=\"Chirurgische Mund- und Nasenmaske Kategorie 1 - Enth\u00e4lt eine 3-Lagen-Filtration und KEIN Fiberglas - Verpackt zu 50 St\u00fcck in einer Schachtel\" \/>\n<meta property=\"og:url\" content=\"https:\/\/tinko.be\/de\/service-clubs-webshop\/schutzprodukte\/chirurgische-mund-nasen-maske-kategorie-1-nicht-medizinisch\/\" \/>\n<meta property=\"og:site_name\" content=\"Tinko\" \/>\n<meta property=\"article:publisher\" content=\"https:\/\/www.facebook.com\/Tinko-395847637130108\/\" \/>\n<meta property=\"og:image\" content=\"https:\/\/tinko.be\/wp-content\/uploads\/2021\/03\/PADI010.jpg\" \/>\n\t<meta property=\"og:image:width\" content=\"787\" \/>\n\t<meta property=\"og:image:height\" content=\"609\" \/>\n\t<meta property=\"og:image:type\" content=\"image\/jpeg\" \/>\n<meta name=\"twitter:card\" content=\"summary_large_image\" \/>\n<script type=\"application\/ld+json\" class=\"yoast-schema-graph\">{\"@context\":\"https:\/\/schema.org\",\"@graph\":[{\"@type\":\"WebPage\",\"@id\":\"https:\/\/tinko.be\/de\/service-clubs-webshop\/schutzprodukte\/chirurgische-mund-nasen-maske-kategorie-1-nicht-medizinisch\/\",\"url\":\"https:\/\/tinko.be\/de\/service-clubs-webshop\/schutzprodukte\/chirurgische-mund-nasen-maske-kategorie-1-nicht-medizinisch\/\",\"name\":\"Chirurgische Mund-Nasen-Maske Kategorie 1 (nicht medizinisch) - Schutz | Tinko\",\"isPartOf\":{\"@id\":\"https:\/\/tinko.be\/de\/#website\"},\"primaryImageOfPage\":{\"@id\":\"https:\/\/tinko.be\/de\/service-clubs-webshop\/schutzprodukte\/chirurgische-mund-nasen-maske-kategorie-1-nicht-medizinisch\/#primaryimage\"},\"image\":{\"@id\":\"https:\/\/tinko.be\/de\/service-clubs-webshop\/schutzprodukte\/chirurgische-mund-nasen-maske-kategorie-1-nicht-medizinisch\/#primaryimage\"},\"thumbnailUrl\":\"https:\/\/tinko.be\/wp-content\/uploads\/2021\/03\/PADI010.jpg\",\"datePublished\":\"2021-02-26T13:55:05+00:00\",\"description\":\"Chirurgische Mund- und Nasenmaske Kategorie 1 - Enth\u00e4lt eine 3-Lagen-Filtration und KEIN Fiberglas - Verpackt zu 50 St\u00fcck in einer Schachtel\",\"breadcrumb\":{\"@id\":\"https:\/\/tinko.be\/de\/service-clubs-webshop\/schutzprodukte\/chirurgische-mund-nasen-maske-kategorie-1-nicht-medizinisch\/#breadcrumb\"},\"inLanguage\":\"de\",\"potentialAction\":[{\"@type\":\"ReadAction\",\"target\":[\"https:\/\/tinko.be\/de\/service-clubs-webshop\/schutzprodukte\/chirurgische-mund-nasen-maske-kategorie-1-nicht-medizinisch\/\"]}]},{\"@type\":\"ImageObject\",\"inLanguage\":\"de\",\"@id\":\"https:\/\/tinko.be\/de\/service-clubs-webshop\/schutzprodukte\/chirurgische-mund-nasen-maske-kategorie-1-nicht-medizinisch\/#primaryimage\",\"url\":\"https:\/\/tinko.be\/wp-content\/uploads\/2021\/03\/PADI010.jpg\",\"contentUrl\":\"https:\/\/tinko.be\/wp-content\/uploads\/2021\/03\/PADI010.jpg\",\"width\":787,\"height\":609,\"caption\":\"Chirurgische Mund-Nasen-Maske Kategorie 1 (nicht medizinisch)\"},{\"@type\":\"BreadcrumbList\",\"@id\":\"https:\/\/tinko.be\/de\/service-clubs-webshop\/schutzprodukte\/chirurgische-mund-nasen-maske-kategorie-1-nicht-medizinisch\/#breadcrumb\",\"itemListElement\":[{\"@type\":\"ListItem\",\"position\":1,\"name\":\"Webshop f\u00fcr Serviceclubs\",\"item\":\"https:\/\/tinko.be\/service-clubs-webshop\/\"},{\"@type\":\"ListItem\",\"position\":2,\"name\":\"Schutzprodukte\",\"item\":\"https:\/\/tinko.be\/de\/service-clubs-webshop\/schutzprodukte\/\"},{\"@type\":\"ListItem\",\"position\":3,\"name\":\"Chirurgische Mund-Nasen-Maske Kategorie 1 (nicht medizinisch)\"}]},{\"@type\":\"WebSite\",\"@id\":\"https:\/\/tinko.be\/de\/#website\",\"url\":\"https:\/\/tinko.be\/de\/\",\"name\":\"Tinko\",\"description\":\"Uw partner voor promotionele artikelen\",\"publisher\":{\"@id\":\"https:\/\/tinko.be\/de\/#organization\"},\"potentialAction\":[{\"@type\":\"SearchAction\",\"target\":{\"@type\":\"EntryPoint\",\"urlTemplate\":\"https:\/\/tinko.be\/de\/?s={search_term_string}\"},\"query-input\":{\"@type\":\"PropertyValueSpecification\",\"valueRequired\":true,\"valueName\":\"search_term_string\"}}],\"inLanguage\":\"de\"},{\"@type\":\"Organization\",\"@id\":\"https:\/\/tinko.be\/de\/#organization\",\"name\":\"Tinko\",\"url\":\"https:\/\/tinko.be\/de\/\",\"logo\":{\"@type\":\"ImageObject\",\"inLanguage\":\"de\",\"@id\":\"https:\/\/tinko.be\/de\/#\/schema\/logo\/image\/\",\"url\":\"https:\/\/tinko.be\/wp-content\/uploads\/2021\/03\/tinko-logo.png\",\"contentUrl\":\"https:\/\/tinko.be\/wp-content\/uploads\/2021\/03\/tinko-logo.png\",\"width\":2000,\"height\":2000,\"caption\":\"Tinko\"},\"image\":{\"@id\":\"https:\/\/tinko.be\/de\/#\/schema\/logo\/image\/\"},\"sameAs\":[\"https:\/\/www.facebook.com\/Tinko-395847637130108\/\",\"https:\/\/www.instagram.com\/tinko.bvba\/\",\"https:\/\/www.linkedin.com\/in\/tinko-be-impressed-b01664204\/\"]}]}<\/script>\n<!-- \/ Yoast SEO plugin. -->","yoast_head_json":{"title":"Chirurgische Mund-Nasen-Maske Kategorie 1 (nicht medizinisch) - Schutz | Tinko","description":"Chirurgische Mund- und Nasenmaske Kategorie 1 - Enth\u00e4lt eine 3-Lagen-Filtration und KEIN Fiberglas - Verpackt zu 50 St\u00fcck in einer Schachtel","robots":{"index":"index","follow":"follow","max-snippet":"max-snippet:-1","max-image-preview":"max-image-preview:large","max-video-preview":"max-video-preview:-1"},"canonical":"https:\/\/tinko.be\/de\/service-clubs-webshop\/schutzprodukte\/chirurgische-mund-nasen-maske-kategorie-1-nicht-medizinisch\/","og_locale":"de_DE","og_type":"article","og_title":"Chirurgische Mund-Nasen-Maske Kategorie 1 (nicht medizinisch) - Schutz | Tinko","og_description":"Chirurgische Mund- und Nasenmaske Kategorie 1 - Enth\u00e4lt eine 3-Lagen-Filtration und KEIN Fiberglas - Verpackt zu 50 St\u00fcck in einer Schachtel","og_url":"https:\/\/tinko.be\/de\/service-clubs-webshop\/schutzprodukte\/chirurgische-mund-nasen-maske-kategorie-1-nicht-medizinisch\/","og_site_name":"Tinko","article_publisher":"https:\/\/www.facebook.com\/Tinko-395847637130108\/","og_image":[{"width":787,"height":609,"url":"https:\/\/tinko.be\/wp-content\/uploads\/2021\/03\/PADI010.jpg","type":"image\/jpeg"}],"twitter_card":"summary_large_image","schema":{"@context":"https:\/\/schema.org","@graph":[{"@type":"WebPage","@id":"https:\/\/tinko.be\/de\/service-clubs-webshop\/schutzprodukte\/chirurgische-mund-nasen-maske-kategorie-1-nicht-medizinisch\/","url":"https:\/\/tinko.be\/de\/service-clubs-webshop\/schutzprodukte\/chirurgische-mund-nasen-maske-kategorie-1-nicht-medizinisch\/","name":"Chirurgische Mund-Nasen-Maske Kategorie 1 (nicht medizinisch) - Schutz | Tinko","isPartOf":{"@id":"https:\/\/tinko.be\/de\/#website"},"primaryImageOfPage":{"@id":"https:\/\/tinko.be\/de\/service-clubs-webshop\/schutzprodukte\/chirurgische-mund-nasen-maske-kategorie-1-nicht-medizinisch\/#primaryimage"},"image":{"@id":"https:\/\/tinko.be\/de\/service-clubs-webshop\/schutzprodukte\/chirurgische-mund-nasen-maske-kategorie-1-nicht-medizinisch\/#primaryimage"},"thumbnailUrl":"https:\/\/tinko.be\/wp-content\/uploads\/2021\/03\/PADI010.jpg","datePublished":"2021-02-26T13:55:05+00:00","description":"Chirurgische Mund- und Nasenmaske Kategorie 1 - Enth\u00e4lt eine 3-Lagen-Filtration und KEIN Fiberglas - Verpackt zu 50 St\u00fcck in einer Schachtel","breadcrumb":{"@id":"https:\/\/tinko.be\/de\/service-clubs-webshop\/schutzprodukte\/chirurgische-mund-nasen-maske-kategorie-1-nicht-medizinisch\/#breadcrumb"},"inLanguage":"de","potentialAction":[{"@type":"ReadAction","target":["https:\/\/tinko.be\/de\/service-clubs-webshop\/schutzprodukte\/chirurgische-mund-nasen-maske-kategorie-1-nicht-medizinisch\/"]}]},{"@type":"ImageObject","inLanguage":"de","@id":"https:\/\/tinko.be\/de\/service-clubs-webshop\/schutzprodukte\/chirurgische-mund-nasen-maske-kategorie-1-nicht-medizinisch\/#primaryimage","url":"https:\/\/tinko.be\/wp-content\/uploads\/2021\/03\/PADI010.jpg","contentUrl":"https:\/\/tinko.be\/wp-content\/uploads\/2021\/03\/PADI010.jpg","width":787,"height":609,"caption":"Chirurgische Mund-Nasen-Maske Kategorie 1 (nicht medizinisch)"},{"@type":"BreadcrumbList","@id":"https:\/\/tinko.be\/de\/service-clubs-webshop\/schutzprodukte\/chirurgische-mund-nasen-maske-kategorie-1-nicht-medizinisch\/#breadcrumb","itemListElement":[{"@type":"ListItem","position":1,"name":"Webshop f\u00fcr Serviceclubs","item":"https:\/\/tinko.be\/service-clubs-webshop\/"},{"@type":"ListItem","position":2,"name":"Schutzprodukte","item":"https:\/\/tinko.be\/de\/service-clubs-webshop\/schutzprodukte\/"},{"@type":"ListItem","position":3,"name":"Chirurgische Mund-Nasen-Maske Kategorie 1 (nicht medizinisch)"}]},{"@type":"WebSite","@id":"https:\/\/tinko.be\/de\/#website","url":"https:\/\/tinko.be\/de\/","name":"Tinko","description":"Uw partner voor promotionele artikelen","publisher":{"@id":"https:\/\/tinko.be\/de\/#organization"},"potentialAction":[{"@type":"SearchAction","target":{"@type":"EntryPoint","urlTemplate":"https:\/\/tinko.be\/de\/?s={search_term_string}"},"query-input":{"@type":"PropertyValueSpecification","valueRequired":true,"valueName":"search_term_string"}}],"inLanguage":"de"},{"@type":"Organization","@id":"https:\/\/tinko.be\/de\/#organization","name":"Tinko","url":"https:\/\/tinko.be\/de\/","logo":{"@type":"ImageObject","inLanguage":"de","@id":"https:\/\/tinko.be\/de\/#\/schema\/logo\/image\/","url":"https:\/\/tinko.be\/wp-content\/uploads\/2021\/03\/tinko-logo.png","contentUrl":"https:\/\/tinko.be\/wp-content\/uploads\/2021\/03\/tinko-logo.png","width":2000,"height":2000,"caption":"Tinko"},"image":{"@id":"https:\/\/tinko.be\/de\/#\/schema\/logo\/image\/"},"sameAs":["https:\/\/www.facebook.com\/Tinko-395847637130108\/","https:\/\/www.instagram.com\/tinko.bvba\/","https:\/\/www.linkedin.com\/in\/tinko-be-impressed-b01664204\/"]}]}},"tiered_pricing_type":"fixed","tiered_pricing_fixed_rules":[],"tiered_pricing_product_settings":{"layout":"default","base_unit_name":{"singular":null,"plural":null},"default_variation":null},"tiered_pricing_minimum_quantity":null,"tiered_pricing_roles_data":[],"tiered_pricing_percentage_rules":[],"_links":{"self":[{"href":"https:\/\/tinko.be\/de\/wp-json\/wp\/v2\/product\/24965","targetHints":{"allow":["GET"]}}],"collection":[{"href":"https:\/\/tinko.be\/de\/wp-json\/wp\/v2\/product"}],"about":[{"href":"https:\/\/tinko.be\/de\/wp-json\/wp\/v2\/types\/product"}],"version-history":[{"count":0,"href":"https:\/\/tinko.be\/de\/wp-json\/wp\/v2\/product\/24965\/revisions"}],"wp:featuredmedia":[{"embeddable":true,"href":"https:\/\/tinko.be\/de\/wp-json\/wp\/v2\/media\/24966"}],"wp:attachment":[{"href":"https:\/\/tinko.be\/de\/wp-json\/wp\/v2\/media?parent=24965"}],"wp:term":[{"taxonomy":"product_brand","embeddable":true,"href":"https:\/\/tinko.be\/de\/wp-json\/wp\/v2\/product_brand?post=24965"},{"taxonomy":"product_cat","embeddable":true,"href":"https:\/\/tinko.be\/de\/wp-json\/wp\/v2\/product_cat?post=24965"},{"taxonomy":"product_tag","embeddable":true,"href":"https:\/\/tinko.be\/de\/wp-json\/wp\/v2\/product_tag?post=24965"}],"curies":[{"name":"wp","href":"https:\/\/api.w.org\/{rel}","templated":true}]}}